{"id":5512,"date":"2014-03-21T13:16:03","date_gmt":"2014-03-21T13:16:03","guid":{"rendered":"http:\/\/localhost:8888\/themes\/ventory\/?page_id=5512"},"modified":"2021-02-11T21:22:30","modified_gmt":"2021-02-11T20:22:30","slug":"home-onepage","status":"publish","type":"page","link":"http:\/\/www.brus.si\/ita\/","title":{"rendered":"BRUS d.o.o. &#8211;  Transporto"},"content":{"rendered":"<p>[vc_row type=&#8221;full_width_section&#8221; bg_image=&#8221;16270&#8243; video_bg=&#8221;use_video&#8221; enable_video_color_overlay=&#8221;true&#8221; video_webm=&#8221;https:\/\/vimeo.com\/153950600&#8243; video_image=&#8221;15730&#8243; top_padding=&#8221;250&#8243; bottom_padding=&#8221;310&#8243; bg_position=&#8221;left top&#8221;][vc_column width=&#8221;1\/1&#8243;]<h1 class=\"headline font-inherit fontsize-xxxxxl fontweight-700 lh-inherit align-center transform-inherit \" style=\"margin: -70px 0 30px 0; color: #ffea00;\">Brus d.o.o. in numeri<\/h1>[vc_row_inner][vc_column_inner width=&#8221;1\/4&#8243;]<div class=\"counter clearfix wpb_content_element\"><div class=\"counter-number\" style=\"color: #ed1c24 !important;\">75<\/div><span class=\"counter-title\">TRATTORI STRADALI<\/span><\/div>[\/vc_column_inner][vc_column_inner width=&#8221;1\/4&#8243;]<div class=\"counter clearfix wpb_content_element\"><div class=\"counter-number\" style=\"color: #ed1c24 !important;\">85<\/div><span class=\"counter-title\">SEMIRIMORCHI<\/span><\/div>[\/vc_column_inner][vc_column_inner width=&#8221;1\/4&#8243;]<div class=\"counter clearfix wpb_content_element\"><div class=\"counter-number\" style=\"color: #ed1c24 !important;\">13<\/div><span class=\"counter-title\">ALTRI VEICOLI<\/span><\/div>[\/vc_column_inner][vc_column_inner width=&#8221;1\/4&#8243;]<div class=\"counter clearfix wpb_content_element\"><div class=\"counter-number\" style=\"color: #ed1c24 !important;\">107<\/div><span class=\"counter-title\">DIPENDENTI<\/span><\/div>[\/vc_column_inner][\/vc_row_inner][vc_row_inner][vc_column_inner]<div class=\"spacer\" style=\"height: 40px;\"><\/div>[vc_raw_html]JTNDZGl2JTIwY2xhc3MlM0QlMjJ3cGJfd3JhcHBlciUyMiUzRSUzQ2RpdiUyMGNsYXNzJTNEJTIyc2luZ2xlX2ltYWdlJTIwd3BiX2NvbnRlbnRfZWxlbWVudCUyMGFsaWduLWNlbnRlciUyMCUyMGFuaW1hdGUlMjAlMjAlMjIlMjBkYXRhLWFuaW1hdGlvbiUzRCUyMmZhZGUtaW4tZnJvbS1ib3R0b20lMjIlMjBkYXRhLWRlbGF5JTNEJTIyMCUyMiUyMHN0eWxlJTNEJTIyb3BhY2l0eSUzQTAuNSUyMCUyMWltcG9ydGFudCUzQiUyMGJvdHRvbSUzQSUyMDBweCUzQiUyMCUyMiUzRSUzQ2ElMjBocmVmJTNEJTIyaHR0cHMlM0ElMkYlMkZ2aW1lby5jb20lMkYxNTM5NTA2MDAlMjIlMjBjbGFzcyUzRCUyMnByZXR0eVBob3RvJTIyJTIwcmVsJTNEJTIycHJldHR5UGhvdG8lNUJpbWFnZSU1RCUyMiUyMHN0bGUlM0QlMjJ3aWR0aCUzQTEyN3B4JTIwJTIxaW1wb3J0YW50JTNCJTIwaGVpZ2h0JTNBMTI3cHglMjIlM0UlM0NpbWclMjBzcmMlM0QlMjJodHRwJTNBJTJGJTJGd3d3LmJydXMuc2klMkZ3cC1jb250ZW50JTJGdXBsb2FkcyUyRnBsYXkucG5nJTIyJTIwY2xhc3MlM0QlMjJhdHRhY2htZW50LWZ1bGwlMjIlMjBhbHQlM0QlMjJwbGF5JTIyJTIwc3R5bGUlM0QlMjJ3aWR0aCUzQTEyN3B4JTIwJTIxaW1wb3J0YW50JTNCJTIwaGVpZ2h0JTNBMTI3cHglMjIlM0UlM0MlMkZhJTNFJTNDJTJGZGl2JTNFJTNDJTJGZGl2JTNF[\/vc_raw_html][\/vc_column_inner][\/vc_row_inner][\/vc_column][\/vc_row][vc_row top_padding=&#8221;50&#8243; bottom_padding=&#8221;70&#8243; class=&#8221;services&#8221; row_id=&#8221;SERVIZI&#8221; bg_position=&#8221;left top&#8221;][vc_column el_class=&#8221;icon_box_wrapper&#8221; width=&#8221;1\/3&#8243;]<div class=\"iconbox icon_box wpb_content_element iconbox-style-3 icon-color-accent color-dark\"><img src='http:\/\/www.brus.si\/ita\/wp-content\/uploads\/2014\/03\/transport_brus.si_.png' class='iconimg' alt='TRANSPORT' \/><h3>TRANSPORT<\/h3><div class=\"icon_box_content\">\n<ul style=\"text-align: left;\">\n<li>merci pericolose<\/li>\n<li>merci sicure<\/li>\n<\/ul>\n<\/div><\/div>[vc_column_text]<a class=\"icon_contact\" href=\"mailto:mailto:info@brus.si\">RICHIESTA<\/a>[\/vc_column_text][\/vc_column][vc_column el_class=&#8221;icon_box_wrapper&#8221; width=&#8221;1\/3&#8243;]<div class=\"iconbox icon_box wpb_content_element iconbox-style-3 icon-color-accent color-dark\"><img src='http:\/\/www.brus.si\/ita\/wp-content\/uploads\/2014\/03\/skladiscenje_brus.si_.png' class='iconimg' alt='STOCCAGGIO' \/><h3>STOCCAGGIO<\/h3><div class=\"icon_box_content\">\n<ul style=\"text-align: left;\">\n<li>raccolta<\/li>\n<li>imballaggio<\/li>\n<li>reimballaggio<\/li>\n<li>stoccaggio<\/li>\n<li>fornitura merci<\/li>\n<\/ul>\n<\/div><\/div>[vc_column_text]<a class=\"icon_contact\" href=\"mailto:mailto:info@brus.si\">RICHIESTA<\/a>[\/vc_column_text][\/vc_column][vc_column el_class=&#8221;icon_box_wrapper&#8221; width=&#8221;1\/3&#8243;]<div class=\"iconbox icon_box wpb_content_element iconbox-style-3 icon-color-accent color-dark\"><img src='http:\/\/www.brus.si\/ita\/wp-content\/uploads\/2014\/03\/vulkanizerstvo_brus.si_.png' class='iconimg' alt='VULKANIZERSTVO' \/><h3>VULKANIZERSTVO<\/h3><div class=\"icon_box_content\">\n<ul style=\"text-align: left;\">\n<li>assemblaggio<\/li>\n<li>montaggio<\/li>\n<li>centraggio per autoveicoli<\/li>\n<li>centraggio per camion<\/li>\n<\/ul>\n<\/div><\/div>[vc_column_text]<a class=\"icon_contact\" href=\"mailto:mailto:info@brus.si\">RICHIESTA<\/a>[\/vc_column_text][\/vc_column][\/vc_row][vc_row bg_color=&#8221;#2b2972&#8243; top_padding=&#8221;80&#8243; bottom_padding=&#8221;80&#8243; row_id=&#8221;L\u2019AZIENDA&#8221;][vc_column width=&#8221;1\/1&#8243;][vc_column_text]<\/p>\n<div class=\"about\">\n<h2>CHI SIAMO<\/h2>\n<p>BRUS d.o.o. punta sulla soddisfazione dei propri clienti e sulla qualit\u00e0 dei servizi,<br \/>\ncertificati anche in base allo standard ISO 9001.<\/p>\n<p>BRUS d.o.o. \u00e8 un&#8217;azienda a gestione familiare che opera nel settore dei trasporti<br \/>\ngi\u00e0 dal 1992.<br \/>\nDal 2007 le nostre attivit\u00e0 vengono gestite dal nuovissimo e modernissimo<br \/>\ncentro commerciale e logistico che si estende su 24.000 metri quadri di<br \/>\nsuperficie.<\/p>\n<p>Siamo orgogliosi del premio che la Camera di Commercio della Slovenia ha<br \/>\nconsegnato nel 1998 a Pavle Brus, fondatore nonch\u00e9 proprietario dell&#8217;azienda,<br \/>\nper i suoi incredibili successi nell&#8217;ambito del trasporto sostenibile aziendale.<\/p>\n<p><img class=\"alignnone size-medium wp-image-16270 aligncenter\" src=\"http:\/\/www.brus.si\/wp-content\/uploads\/2021\/02\/brus_certifikat-300x128.jpg\" alt=\"\" width=\"160\" \/><\/p>\n<\/div>\n<p>[\/vc_column_text][\/vc_column][\/vc_row][vc_row top_padding=&#8221;80&#8243; bottom_padding=&#8221;80&#8243;][vc_column width=&#8221;1\/1&#8243;]<div class=\"testimonial-slider-wrap wpb_content_element\"><div class=\"testimonial-slide\">Sicuri, veloci, moderni e precisi nel raggiungere la meta.<span>&#45; <\/span><\/div><div class=\"testimonial-slide\">Ci\u00f2 che ci contraddistingue \u00e8 l\u2019affidabilit\u00e0 del trasporto sia nazionale che internazionale.<span>&#45; <\/span><\/div><div class=\"testimonial-slide\">L\u2019azienda Brus d.o.o. collabora con i clienti, offrendo soluzioni modulabili e personalizzabili e approcci innovativi nonch\u00e9 assicurando la professionalit\u00e0 e l\u2019alta qualit\u00e0 dei servizi a prezzi concorrenziali.<span>&#45; <\/span><\/div><div class=\"testimonial-slide\">I vantaggi offerti dall\u2019azienda Brus d.o.o. sono la qualit\u00e0, la reattivit\u00e0, la precisione, l\u2019affidabilit\u00e0, la responsabilit\u00e0 e uno staff esperto e comunicativo.<span>&#45; <\/span><\/div><\/div>[\/vc_column][\/vc_row][vc_row type=&#8221;full_width_section&#8221; bg_color=&#8221;#f9f9f9&#8243; row_id=&#8221;GALLERIA&#8221; bg_position=&#8221;center top&#8221;][vc_column width=&#8221;1\/1&#8243;]<div class=\"flexslider wpb_content_element\"><ul class=\"slides\"><li><img src=\"http:\/\/www.brus.si\/ita\/wp-content\/uploads\/2021\/02\/brus_4.jpg\" alt=\"\" \/><\/li><li><img src=\"http:\/\/www.brus.si\/ita\/wp-content\/uploads\/2021\/02\/brus_5.jpg\" alt=\"\" \/><\/li><li><img src=\"http:\/\/www.brus.si\/ita\/wp-content\/uploads\/2021\/02\/brus_7.jpg\" alt=\"\" \/><\/li><li><img src=\"http:\/\/www.brus.si\/ita\/wp-content\/uploads\/2021\/02\/brus_2.jpg\" alt=\"\" \/><\/li><li><img src=\"http:\/\/www.brus.si\/ita\/wp-content\/uploads\/2021\/02\/brus_3.jpg\" alt=\"\" \/><\/li><\/ul><\/div>[\/vc_column][\/vc_row][vc_row class=&#8221;contact_section accordion_section&#8221; row_id=&#8221;CONTATTI&#8221;][vc_column width=&#8221;1\/4&#8243;][\/vc_column][vc_column width=&#8221;1\/2&#8243;]<h2 class=\"headline font-special fontsize-xxl fontweight-600 lh-inherit align-center transform-uppercase \" style=\"margin: 0px 0 20px 0; color: #2b2972;\">CONTATTI <\/h2>[vc_row_inner][vc_column_inner width=&#8221;1\/3&#8243;][vc_column_text]<\/p>\n<h5 style=\"color: #ed1c24; margin-bottom: 10px; text-align: center;\"><strong>Tel:<a href=\"tel:+386 5 37 25 200\"> +386 5 37 25 200<\/a><\/strong><\/h5>\n<p>[\/vc_column_text][\/vc_column_inner][vc_column_inner width=&#8221;1\/3&#8243;][vc_column_text]<\/p>\n<h5 style=\"color: #ed1c24; margin-bottom: 10px; text-align: center;\"><strong>Fax: 05 37 25 201<\/strong><\/h5>\n<p>[\/vc_column_text][\/vc_column_inner][vc_column_inner width=&#8221;1\/3&#8243;][vc_column_text]<\/p>\n<h5 style=\"color: #ed1c24; text-align: center; margin-bottom: 10px;\"><strong>E-mail: <a href=\"mailto:info@brus.si\">info@brus.si<\/a><\/strong><\/h5>\n<p>[\/vc_column_text][\/vc_column_inner][\/vc_row_inner][vc_accordion active_tab=&#8221;0&#8243; collapsible=&#8221;yes&#8221;][vc_accordion_tab title=&#8221;DIREZIONE&#8221;][vc_column_text]<strong>Herta \u010cuk \u2013 Direttrice<\/strong><br \/>\n<a href=\"mailto:herta.cuk@brus.si\">herta.cuk@brus.si<\/a><br \/>\n<strong>Simon Brus \u2013 Direttore<\/strong><br \/>\n<a href=\"mailto:simon.brus@brus.si\">simon.brus@brus.si<\/a><br \/>\n[\/vc_column_text][\/vc_accordion_tab][vc_accordion_tab title=&#8221;TRASPORTO E LOGISTICA&#8221;][vc_column_text]<strong>Tel.: +386 (0)5 37 25 200<br \/>\nFax: +386 (0)5 37 25 201<\/strong><\/p>\n<p><strong>Andrej Mr\u0161nik<\/strong><br \/>\n<a href=\"mailto:andrej.mrsnik@brus.si\">andrej.mrsnik@brus.si<\/a><\/p>\n<p><strong>Iztok Jurca<\/strong><br \/>\n<a href=\"mailto:iztok.jurca@brus.si\">iztok.jurca@brus.si<\/a><\/p>\n<p><strong>Jurij Klav\u017ear<\/strong><br \/>\n<a href=\"mailto:jurij.klavzar@brus.si\">jurij.klavzar@brus.si<\/a><\/p>\n<p><strong>Katarina Lipar<\/strong><br \/>\n<a href=\"mailto:katarina.lipar@brus.si\">katarina.lipar@brus.si<\/a><\/p>\n<p><strong>Silvestra Nemgar<\/strong><br \/>\n<a href=\"mailto:silvestra.nemgar@brus.si\">nemgar@brus.si<\/a>[\/vc_column_text][\/vc_accordion_tab][vc_accordion_tab title=&#8221;SERVIZI DI VULCANIZZAZIONE&#8221;][vc_column_text]<strong>Tel.: 05 37 25 222<br \/>\nFax: 05 37 25 201<br \/>\n<\/strong><\/p>\n<p><strong>Edi \u010cuk<\/strong><br \/>\n<a href=\"mailto:edi@brus.si\">edi@brus.si<\/a><\/p>\n<p><strong>Klemen Er\u017een<\/strong><br \/>\n<a href=\"mailto:klemen.erzen@brus.si\">klemen.erzen@brus.si<\/a>[\/vc_column_text][\/vc_accordion_tab][vc_accordion_tab title=&#8221;RISORSE UMANE&#8221;][vc_column_text]<strong>Tel.: 05 37 25 223<br \/>\nFax: 05 37 25 201<\/strong><\/p>\n<p><strong>Anita Logar<\/strong><br \/>\n<a href=\"mailto:anita.logar@brus.si\">anita.logar@brus.si<\/a>[\/vc_column_text][\/vc_accordion_tab][vc_accordion_tab title=&#8221;UFFICIO FINANZE&#8221;][vc_column_text]<strong>Tel.: +386 (0)5 37 25 219<br \/>\nFax: +386 (0)5 37 25 202<\/strong><\/p>\n<p><strong>Alenka Rupnik<\/strong><br \/>\n<a href=\"mailto:alenka.rupnik@brus.si\">alenka.rupnik@brus.si<\/a><\/p>\n<p><strong>Andrej \u0160pacapan<\/strong><br \/>\n<a href=\"mailto:andrej.spacapan@brus.si\">andrej.spacapan@brus.si<\/a><\/p>\n<p><strong>Katarina \u0160inkovec<\/strong><br \/>\n<a href=\"mailto:katarina.sinkovec@brus.si\">katarina.sinkovec@brus.si<\/a><\/p>\n<p><strong>Nata\u0161a Leimsner<\/strong><br \/>\n<a href=\"mailto:natasa.leimsner@brus.si\">natasa.leimsner@brus.si<\/a><\/p>\n<p><strong>Vesna Pav\u0161i\u010d<\/strong><br \/>\n<a href=\"mailto:vesna.pavsic@brus.si\">vesna.pavsic@brus.si<\/a>[\/vc_column_text][\/vc_accordion_tab][\/vc_accordion][\/vc_column][vc_column width=&#8221;1\/4&#8243;][\/vc_column][\/vc_row][vc_row type=&#8221;full_width_section&#8221; text_color=&#8221;custom&#8221; bottom_padding=&#8221;0&#8243; class=&#8221;contact-info-right&#8221; row_id=&#8221;features&#8221; bg_position=&#8221;left top&#8221;][vc_column bg_color=&#8221;#2b2972&#8243; column_padding=&#8221;padding-5&#8243; column_center=&#8221;true&#8221; text_color=&#8221;custom&#8221; custom_text_color=&#8221;#44bdbd&#8221; width=&#8221;1\/2&#8243;][vc_column_text]<\/p>\n<div class=\"contact_inner_map\"><span class=\"google_maps_img\"><a href=\"https:\/\/www.google.si\/maps\/place\/Brus+d.o.o.+Transport\/@45.9483028,14.0963324,17z\/data=!3m1!4b1!4m5!3m4!1s0x477adf596dc4156f:0xdb8b7950c4866c34!8m2!3d45.9483028!4d14.0985211\"><img src=\"http:\/\/www.brus.si\/wp-content\/uploads\/2021\/01\/b_google.jpg\" \/><\/a><\/span><\/div>\n<p>[\/vc_column_text][\/vc_column][vc_column bg_color=&#8221;#2b2972&#8243; column_padding=&#8221;padding-5&#8243; column_center=&#8221;true&#8221; text_color=&#8221;light&#8221; width=&#8221;1\/2&#8243;][vc_column_text el_class=&#8221;contact-info-right&#8221;]<\/p>\n<div class=\"contact_inner\">\n<h3>BRUS d.o.o.<\/h3>\n<p>Godovi\u010d 154<br \/>\n5275 Godovi\u010d<\/p>\n<p>Tel.: 05 37 25 200<br \/>\nFax: 05 37 25 201<\/p>\n<p>E-mail: <a href=\"mailto:info@brus.si\">info@brus.si<\/a><\/p>\n<p>Codice fiscale: 75002388<br \/>\nCodice d\u2019immatricolazione: 5578892000<\/p>\n<p>IBAN:<br \/>\nSI56 0475 2000 0163 107 (NOVA KBM d.d.)<br \/>\nSI56 3400 0101 6624 869 (Sparkasse d.d.)<\/p>\n<\/div>\n<p>[\/vc_column_text][\/vc_column][\/vc_row][vc_section][\/vc_section][vc_column width=&#8221;1\/1&#8243;][\/vc_column]<\/p>\n","protected":false},"excerpt":{"rendered":"<p>[vc_row type=&#8221;full_width_section&#8221; bg_image=&#8221;16270&#8243; video_bg=&#8221;use_video&#8221; enable_video_color_overlay=&#8221;true&#8221; video_webm=&#8221;https:\/\/vimeo.com\/153950600&#8243; video_image=&#8221;15730&#8243; top_padding=&#8221;250&#8243; bottom_padding=&#8221;310&#8243; bg_position=&#8221;left top&#8221;][vc_column width=&#8221;1\/1&#8243;][vc_row_inner][vc_column_inner width=&#8221;1\/4&#8243;][\/vc_column_inner][vc_column_inner width=&#8221;1\/4&#8243;][\/vc_column_inner][vc_column_inner width=&#8221;1\/4&#8243;][\/vc_column_inner][vc_column_inner width=&#8221;1\/4&#8243;][\/vc_column_inner][\/vc_row_inner][vc_row_inner][vc_column_inner][vc_raw_html]JTNDZGl2JTIwY2xhc3MlM0QlMjJ3cGJfd3JhcHBlciUyMiUzRSUzQ2RpdiUyMGNsYXNzJTNEJTIyc2luZ2xlX2ltYWdlJTIwd3BiX2NvbnRlbnRfZWxlbWVudCUyMGFsaWduLWNlbnRlciUyMCUyMGFuaW1hdGUlMjAlMjAlMjIlMjBkYXRhLWFuaW1hdGlvbiUzRCUyMmZhZGUtaW4tZnJvbS1ib3R0b20lMjIlMjBkYXRhLWRlbGF5JTNEJTIyMCUyMiUyMHN0eWxlJTNEJTIyb3BhY2l0eSUzQTAuNSUyMCUyMWltcG9ydGFudCUzQiUyMGJvdHRvbSUzQSUyMDBweCUzQiUyMCUyMiUzRSUzQ2ElMjBocmVmJTNEJTIyaHR0cHMlM0ElMkYlMkZ2aW1lby5jb20lMkYxNTM5NTA2MDAlMjIlMjBjbGFzcyUzRCUyMnByZXR0eVBob3RvJTIyJTIwcmVsJTNEJTIycHJldHR5UGhvdG8lNUJpbWFnZSU1RCUyMiUyMHN0bGUlM0QlMjJ3aWR0aCUzQTEyN3B4JTIwJTIxaW1wb3J0YW50JTNCJTIwaGVpZ2h0JTNBMTI3cHglMjIlM0UlM0NpbWclMjBzcmMlM0QlMjJodHRwJTNBJTJGJTJGd3d3LmJydXMuc2klMkZ3cC1jb250ZW50JTJGdXBsb2FkcyUyRnBsYXkucG5nJTIyJTIwY2xhc3MlM0QlMjJhdHRhY2htZW50LWZ1bGwlMjIlMjBhbHQlM0QlMjJwbGF5JTIyJTIwc3R5bGUlM0QlMjJ3aWR0aCUzQTEyN3B4JTIwJTIxaW1wb3J0YW50JTNCJTIwaGVpZ2h0JTNBMTI3cHglMjIlM0UlM0MlMkZhJTNFJTNDJTJGZGl2JTNFJTNDJTJGZGl2JTNF[\/vc_raw_html][\/vc_column_inner][\/vc_row_inner][\/vc_column][\/vc_row][vc_row top_padding=&#8221;50&#8243; bottom_padding=&#8221;70&#8243; class=&#8221;services&#8221; row_id=&#8221;SERVIZI&#8221; bg_position=&#8221;left top&#8221;][vc_column el_class=&#8221;icon_box_wrapper&#8221; width=&#8221;1\/3&#8243;][vc_column_text]RICHIESTA[\/vc_column_text][\/vc_column][vc_column el_class=&#8221;icon_box_wrapper&#8221; width=&#8221;1\/3&#8243;][vc_column_text]RICHIESTA[\/vc_column_text][\/vc_column][vc_column el_class=&#8221;icon_box_wrapper&#8221; width=&#8221;1\/3&#8243;][vc_column_text]RICHIESTA[\/vc_column_text][\/vc_column][\/vc_row][vc_row bg_color=&#8221;#2b2972&#8243; top_padding=&#8221;80&#8243; bottom_padding=&#8221;80&#8243; row_id=&#8221;L\u2019AZIENDA&#8221;][vc_column width=&#8221;1\/1&#8243;][vc_column_text] CHI SIAMO BRUS d.o.o. punta sulla soddisfazione dei propri clienti e sulla qualit\u00e0 dei servizi, certificati anche in base allo standard ISO 9001. BRUS d.o.o. \u00e8 un&#8217;azienda a gestione familiare che opera nel settore dei trasporti gi\u00e0 dal 1992. Dal 2007 le nostre attivit\u00e0 vengono gestite dal nuovissimo e modernissimo centro commerciale e logistico che si estende su 24.000 metri quadri di superficie. Siamo orgogliosi del premio che la Camera di Commercio della Slovenia ha consegnato nel 1998 a Pavle Brus, fondatore nonch\u00e9 proprietario dell&#8217;azienda, per i suoi incredibili successi nell&#8217;ambito del trasporto sostenibile aziendale. [\/vc_column_text][\/vc_column][\/vc_row][vc_row top_padding=&#8221;80&#8243; bottom_padding=&#8221;80&#8243;][vc_column width=&#8221;1\/1&#8243;][\/vc_column][\/vc_row][vc_row type=&#8221;full_width_section&#8221; bg_color=&#8221;#f9f9f9&#8243; row_id=&#8221;GALLERIA&#8221; bg_position=&#8221;center top&#8221;][vc_column width=&#8221;1\/1&#8243;][\/vc_column][\/vc_row][vc_row class=&#8221;contact_section accordion_section&#8221; row_id=&#8221;CONTATTI&#8221;][vc_column width=&#8221;1\/4&#8243;][\/vc_column][vc_column width=&#8221;1\/2&#8243;][vc_row_inner][vc_column_inner width=&#8221;1\/3&#8243;][vc_column_text] Tel: +386 5 37 25 200 [\/vc_column_text][\/vc_column_inner][vc_column_inner width=&#8221;1\/3&#8243;][vc_column_text] Fax: 05 37 25 201 [\/vc_column_text][\/vc_column_inner][vc_column_inner width=&#8221;1\/3&#8243;][vc_column_text] E-mail: info@brus.si [\/vc_column_text][\/vc_column_inner][\/vc_row_inner][vc_accordion active_tab=&#8221;0&#8243; collapsible=&#8221;yes&#8221;][vc_accordion_tab title=&#8221;DIREZIONE&#8221;][vc_column_text]Herta \u010cuk \u2013 Direttrice herta.cuk@brus.si Simon Brus \u2013 Direttore simon.brus@brus.si [\/vc_column_text][\/vc_accordion_tab][vc_accordion_tab title=&#8221;TRASPORTO E LOGISTICA&#8221;][vc_column_text]Tel.: +386 (0)5 37 25 200 Fax: +386 (0)5 37 25 201 Andrej Mr\u0161nik andrej.mrsnik@brus.si Iztok Jurca iztok.jurca@brus.si Jurij Klav\u017ear jurij.klavzar@brus.si Katarina Lipar [&hellip;]<\/p>\n","protected":false},"author":1,"featured_media":0,"parent":0,"menu_order":0,"comment_status":"closed","ping_status":"closed","template":"","meta":[],"yoast_head":"<!-- This site is optimized with the Yoast SEO plugin v15.8 - https:\/\/yoast.com\/wordpress\/plugins\/seo\/ -->\n<title>BRUS d.o.o. - Transporto<\/title>\n<meta name=\"robots\" content=\"index, follow, max-snippet:-1, max-image-preview:large, max-video-preview:-1\" \/>\n<link rel=\"canonical\" href=\"http:\/\/www.brus.si\/ita\/\" \/>\n<meta property=\"og:locale\" content=\"sl_SI\" \/>\n<meta property=\"og:type\" content=\"article\" \/>\n<meta property=\"og:title\" content=\"BRUS d.o.o. - Transporto\" \/>\n<meta property=\"og:description\" content=\"[vc_row type=&#8221;full_width_section&#8221; bg_image=&#8221;16270&#8243; video_bg=&#8221;use_video&#8221; enable_video_color_overlay=&#8221;true&#8221; video_webm=&#8221;https:\/\/vimeo.com\/153950600&#8243; video_image=&#8221;15730&#8243; top_padding=&#8221;250&#8243; bottom_padding=&#8221;310&#8243; bg_position=&#8221;left top&#8221;][vc_column width=&#8221;1\/1&#8243;][vc_row_inner][vc_column_inner width=&#8221;1\/4&#8243;][\/vc_column_inner][vc_column_inner width=&#8221;1\/4&#8243;][\/vc_column_inner][vc_column_inner width=&#8221;1\/4&#8243;][\/vc_column_inner][vc_column_inner width=&#8221;1\/4&#8243;][\/vc_column_inner][\/vc_row_inner][vc_row_inner][vc_column_inner][vc_raw_html]JTNDZGl2JTIwY2xhc3MlM0QlMjJ3cGJfd3JhcHBlciUyMiUzRSUzQ2RpdiUyMGNsYXNzJTNEJTIyc2luZ2xlX2ltYWdlJTIwd3BiX2NvbnRlbnRfZWxlbWVudCUyMGFsaWduLWNlbnRlciUyMCUyMGFuaW1hdGUlMjAlMjAlMjIlMjBkYXRhLWFuaW1hdGlvbiUzRCUyMmZhZGUtaW4tZnJvbS1ib3R0b20lMjIlMjBkYXRhLWRlbGF5JTNEJTIyMCUyMiUyMHN0eWxlJTNEJTIyb3BhY2l0eSUzQTAuNSUyMCUyMWltcG9ydGFudCUzQiUyMGJvdHRvbSUzQSUyMDBweCUzQiUyMCUyMiUzRSUzQ2ElMjBocmVmJTNEJTIyaHR0cHMlM0ElMkYlMkZ2aW1lby5jb20lMkYxNTM5NTA2MDAlMjIlMjBjbGFzcyUzRCUyMnByZXR0eVBob3RvJTIyJTIwcmVsJTNEJTIycHJldHR5UGhvdG8lNUJpbWFnZSU1RCUyMiUyMHN0bGUlM0QlMjJ3aWR0aCUzQTEyN3B4JTIwJTIxaW1wb3J0YW50JTNCJTIwaGVpZ2h0JTNBMTI3cHglMjIlM0UlM0NpbWclMjBzcmMlM0QlMjJodHRwJTNBJTJGJTJGd3d3LmJydXMuc2klMkZ3cC1jb250ZW50JTJGdXBsb2FkcyUyRnBsYXkucG5nJTIyJTIwY2xhc3MlM0QlMjJhdHRhY2htZW50LWZ1bGwlMjIlMjBhbHQlM0QlMjJwbGF5JTIyJTIwc3R5bGUlM0QlMjJ3aWR0aCUzQTEyN3B4JTIwJTIxaW1wb3J0YW50JTNCJTIwaGVpZ2h0JTNBMTI3cHglMjIlM0UlM0MlMkZhJTNFJTNDJTJGZGl2JTNFJTNDJTJGZGl2JTNF[\/vc_raw_html][\/vc_column_inner][\/vc_row_inner][\/vc_column][\/vc_row][vc_row top_padding=&#8221;50&#8243; bottom_padding=&#8221;70&#8243; class=&#8221;services&#8221; row_id=&#8221;SERVIZI&#8221; bg_position=&#8221;left top&#8221;][vc_column el_class=&#8221;icon_box_wrapper&#8221; width=&#8221;1\/3&#8243;][vc_column_text]RICHIESTA[\/vc_column_text][\/vc_column][vc_column el_class=&#8221;icon_box_wrapper&#8221; width=&#8221;1\/3&#8243;][vc_column_text]RICHIESTA[\/vc_column_text][\/vc_column][vc_column el_class=&#8221;icon_box_wrapper&#8221; width=&#8221;1\/3&#8243;][vc_column_text]RICHIESTA[\/vc_column_text][\/vc_column][\/vc_row][vc_row bg_color=&#8221;#2b2972&#8243; top_padding=&#8221;80&#8243; bottom_padding=&#8221;80&#8243; row_id=&#8221;L\u2019AZIENDA&#8221;][vc_column width=&#8221;1\/1&#8243;][vc_column_text] CHI SIAMO BRUS d.o.o. punta sulla soddisfazione dei propri clienti e sulla qualit\u00e0 dei servizi, certificati anche in base allo standard ISO 9001. BRUS d.o.o. \u00e8 un&#8217;azienda a gestione familiare che opera nel settore dei trasporti gi\u00e0 dal 1992. Dal 2007 le nostre attivit\u00e0 vengono gestite dal nuovissimo e modernissimo centro commerciale e logistico che si estende su 24.000 metri quadri di superficie. Siamo orgogliosi del premio che la Camera di Commercio della Slovenia ha consegnato nel 1998 a Pavle Brus, fondatore nonch\u00e9 proprietario dell&#8217;azienda, per i suoi incredibili successi nell&#8217;ambito del trasporto sostenibile aziendale. [\/vc_column_text][\/vc_column][\/vc_row][vc_row top_padding=&#8221;80&#8243; bottom_padding=&#8221;80&#8243;][vc_column width=&#8221;1\/1&#8243;][\/vc_column][\/vc_row][vc_row type=&#8221;full_width_section&#8221; bg_color=&#8221;#f9f9f9&#8243; row_id=&#8221;GALLERIA&#8221; bg_position=&#8221;center top&#8221;][vc_column width=&#8221;1\/1&#8243;][\/vc_column][\/vc_row][vc_row class=&#8221;contact_section accordion_section&#8221; row_id=&#8221;CONTATTI&#8221;][vc_column width=&#8221;1\/4&#8243;][\/vc_column][vc_column width=&#8221;1\/2&#8243;][vc_row_inner][vc_column_inner width=&#8221;1\/3&#8243;][vc_column_text] Tel: +386 5 37 25 200 [\/vc_column_text][\/vc_column_inner][vc_column_inner width=&#8221;1\/3&#8243;][vc_column_text] Fax: 05 37 25 201 [\/vc_column_text][\/vc_column_inner][vc_column_inner width=&#8221;1\/3&#8243;][vc_column_text] E-mail: info@brus.si [\/vc_column_text][\/vc_column_inner][\/vc_row_inner][vc_accordion active_tab=&#8221;0&#8243; collapsible=&#8221;yes&#8221;][vc_accordion_tab title=&#8221;DIREZIONE&#8221;][vc_column_text]Herta \u010cuk \u2013 Direttrice herta.cuk@brus.si Simon Brus \u2013 Direttore simon.brus@brus.si [\/vc_column_text][\/vc_accordion_tab][vc_accordion_tab title=&#8221;TRASPORTO E LOGISTICA&#8221;][vc_column_text]Tel.: +386 (0)5 37 25 200 Fax: +386 (0)5 37 25 201 Andrej Mr\u0161nik andrej.mrsnik@brus.si Iztok Jurca iztok.jurca@brus.si Jurij Klav\u017ear jurij.klavzar@brus.si Katarina Lipar [&hellip;]\" \/>\n<meta property=\"og:url\" content=\"http:\/\/www.brus.si\/ita\/\" \/>\n<meta property=\"og:site_name\" content=\"Brus.si\" \/>\n<meta property=\"article:modified_time\" content=\"2021-02-11T20:22:30+00:00\" \/>\n<meta property=\"og:image\" content=\"http:\/\/www.brus.si\/wp-content\/uploads\/2021\/02\/brus_certifikat-300x128.jpg\" \/>\n<meta name=\"twitter:card\" content=\"summary_large_image\" \/>\n<meta name=\"twitter:label1\" content=\"Est. reading time\">\n\t<meta name=\"twitter:data1\" content=\"3 minute\">\n<script type=\"application\/ld+json\" class=\"yoast-schema-graph\">{\"@context\":\"https:\/\/schema.org\",\"@graph\":[{\"@type\":\"WebSite\",\"@id\":\"http:\/\/www.brus.si\/ita\/#website\",\"url\":\"http:\/\/www.brus.si\/ita\/\",\"name\":\"Brus.si\",\"description\":\"BRUS d.o.o. -  Transport\",\"potentialAction\":[{\"@type\":\"SearchAction\",\"target\":\"http:\/\/www.brus.si\/ita\/?s={search_term_string}\",\"query-input\":\"required name=search_term_string\"}],\"inLanguage\":\"sl-SI\"},{\"@type\":\"ImageObject\",\"@id\":\"http:\/\/www.brus.si\/ita\/#primaryimage\",\"inLanguage\":\"sl-SI\",\"url\":\"http:\/\/www.brus.si\/wp-content\/uploads\/2021\/02\/brus_certifikat-300x128.jpg\"},{\"@type\":\"WebPage\",\"@id\":\"http:\/\/www.brus.si\/ita\/#webpage\",\"url\":\"http:\/\/www.brus.si\/ita\/\",\"name\":\"BRUS d.o.o. - Transporto\",\"isPartOf\":{\"@id\":\"http:\/\/www.brus.si\/ita\/#website\"},\"primaryImageOfPage\":{\"@id\":\"http:\/\/www.brus.si\/ita\/#primaryimage\"},\"datePublished\":\"2014-03-21T13:16:03+00:00\",\"dateModified\":\"2021-02-11T20:22:30+00:00\",\"breadcrumb\":{\"@id\":\"http:\/\/www.brus.si\/ita\/#breadcrumb\"},\"inLanguage\":\"sl-SI\",\"potentialAction\":[{\"@type\":\"ReadAction\",\"target\":[\"http:\/\/www.brus.si\/ita\/\"]}]},{\"@type\":\"BreadcrumbList\",\"@id\":\"http:\/\/www.brus.si\/ita\/#breadcrumb\",\"itemListElement\":[{\"@type\":\"ListItem\",\"position\":1,\"item\":{\"@type\":\"WebPage\",\"@id\":\"http:\/\/www.brus.si\/ita\/\",\"url\":\"http:\/\/www.brus.si\/ita\/\",\"name\":\"Home\"}},{\"@type\":\"ListItem\",\"position\":2,\"item\":{\"@type\":\"WebPage\",\"@id\":\"http:\/\/www.brus.si\/ita\/\",\"url\":\"http:\/\/www.brus.si\/ita\/\",\"name\":\"BRUS d.o.o. &#8211; Transporto\"}}]}]}<\/script>\n<!-- \/ Yoast SEO plugin. -->","_links":{"self":[{"href":"http:\/\/www.brus.si\/ita\/index.php\/wp-json\/wp\/v2\/pages\/5512"}],"collection":[{"href":"http:\/\/www.brus.si\/ita\/index.php\/wp-json\/wp\/v2\/pages"}],"about":[{"href":"http:\/\/www.brus.si\/ita\/index.php\/wp-json\/wp\/v2\/types\/page"}],"author":[{"embeddable":true,"href":"http:\/\/www.brus.si\/ita\/index.php\/wp-json\/wp\/v2\/users\/1"}],"replies":[{"embeddable":true,"href":"http:\/\/www.brus.si\/ita\/index.php\/wp-json\/wp\/v2\/comments?post=5512"}],"version-history":[{"count":508,"href":"http:\/\/www.brus.si\/ita\/index.php\/wp-json\/wp\/v2\/pages\/5512\/revisions"}],"predecessor-version":[{"id":16292,"href":"http:\/\/www.brus.si\/ita\/index.php\/wp-json\/wp\/v2\/pages\/5512\/revisions\/16292"}],"wp:attachment":[{"href":"http:\/\/www.brus.si\/ita\/index.php\/wp-json\/wp\/v2\/media?parent=5512"}],"curies":[{"name":"wp","href":"https:\/\/api.w.org\/{rel}","templated":true}]}}